{"id":7,"date":"2020-11-21T15:06:45","date_gmt":"2020-11-21T15:06:45","guid":{"rendered":"http:\/\/cosmotech.com.tr\/?page_id=7"},"modified":"2020-12-01T19:25:30","modified_gmt":"2020-12-01T19:25:30","slug":"hakkimizda","status":"publish","type":"page","link":"https:\/\/cosmotech.com.tr\/index.php\/hakkimizda\/","title":{"rendered":"Hakk\u0131m\u0131zda"},"content":{"rendered":"\r\n<p>Cosmotech\u2019de odak noktam\u0131z, kesme, kal\u0131plama ve \u015fekillendirme aletleri pazar\u0131 i\u00e7in y\u00fcksek kaliteli standart kaplama \u00e7\u00f6z\u00fcmleri sunmakt\u0131r. Cosmotech, zor ve \u00f6zel kaplama uygulamalar\u0131n\u0131 \u00fcstlenmeye ve bu t\u00fcr \u00f6zel kaplama gereksinimlerini kar\u015f\u0131lamak i\u00e7in gereken zaman ve enerjiyi harcamaya isteklidir. Kaplamalar\u0131m\u0131z\u0131n t\u00fcm kritik gereksinimleri kar\u015f\u0131lamas\u0131n\u0131 sa\u011flamak i\u00e7in m\u00fc\u015fterilerimizle \u00e7ok yak\u0131n i\u015fbirli\u011fi i\u00e7inde \u00e7al\u0131\u015f\u0131yoruz. Bunu yaparken Cosmotech, m\u00fc\u015fterilerinin \u00e7ok \u00f6zel gereksinimlerini derinlemesine anlar ve kaplama i\u015flemi boyunca en y\u00fcksek d\u00fczeyde kalite kontrol\u00fc ile uygular.<br \/>Cosmotech\u2019de i\u015fimizin merkezinde esneklik, yenilik\u00e7ilik ve b\u00fct\u00fcnl\u00fck vard\u0131r. Kalifiye kaplama uzmanlar\u0131m\u0131z kaplama gereksinimlerinize yard\u0131mc\u0131 olmaya haz\u0131rd\u0131r.<\/p>\r\n","protected":false},"excerpt":{"rendered":"<p>Cosmotech\u2019de odak noktam\u0131z, kesme, kal\u0131plama ve \u015fekillendirme aletleri pazar\u0131 i\u00e7in y\u00fcksek kaliteli standart kaplama \u00e7\u00f6z\u00fcmleri sunmakt\u0131r. Cosmotech, zor ve \u00f6zel kaplama uygulamalar\u0131n\u0131 \u00fcstlenmeye ve bu t\u00fcr \u00f6zel kaplama gereksinimlerini kar\u015f\u0131lamak&hellip;<a href=\"https:\/\/cosmotech.com.tr\/index.php\/hakkimizda\/\" class=\"more-link\"><span class=\"more-button\">Continue reading<span class=\"screen-reader-text\">Hakk\u0131m\u0131zda<\/span><\/span><\/a><\/p>\n","protected":false},"author":1,"featured_media":0,"parent":0,"menu_order":0,"comment_status":"closed","ping_status":"closed","template":"","meta":{"footnotes":""},"class_list":["post-7","page","type-page","status-publish","hentry"],"jetpack_sharing_enabled":true,"_links":{"self":[{"href":"https:\/\/cosmotech.com.tr\/index.php\/wp-json\/wp\/v2\/pages\/7","targetHints":{"allow":["GET"]}}],"collection":[{"href":"https:\/\/cosmotech.com.tr\/index.php\/wp-json\/wp\/v2\/pages"}],"about":[{"href":"https:\/\/cosmotech.com.tr\/index.php\/wp-json\/wp\/v2\/types\/page"}],"author":[{"embeddable":true,"href":"https:\/\/cosmotech.com.tr\/index.php\/wp-json\/wp\/v2\/users\/1"}],"replies":[{"embeddable":true,"href":"https:\/\/cosmotech.com.tr\/index.php\/wp-json\/wp\/v2\/comments?post=7"}],"version-history":[{"count":4,"href":"https:\/\/cosmotech.com.tr\/index.php\/wp-json\/wp\/v2\/pages\/7\/revisions"}],"predecessor-version":[{"id":99,"href":"https:\/\/cosmotech.com.tr\/index.php\/wp-json\/wp\/v2\/pages\/7\/revisions\/99"}],"wp:attachment":[{"href":"https:\/\/cosmotech.com.tr\/index.php\/wp-json\/wp\/v2\/media?parent=7"}],"curies":[{"name":"wp","href":"https:\/\/api.w.org\/{rel}","templated":true}]}}